{"id":52,"date":"2016-02-04T10:17:10","date_gmt":"2016-02-04T09:17:10","guid":{"rendered":"http:\/\/www.chioscobaraipini.com\/?page_id=52"},"modified":"2016-02-19T15:37:31","modified_gmt":"2016-02-19T14:37:31","slug":"la-storia","status":"publish","type":"page","link":"https:\/\/www.chioscobaraipini.com\/de\/geschichte\/","title":{"rendered":"Geschichte"},"content":{"rendered":"&nbsp;<\/p>\n<p>Siehe Jesolo im Schatten eines Kiosks wachsen. Es kann gesagt werden, dass Louis Bincoletto, die urspr\u00fcnglich aus La Salute di Livenza, ein integraler Bestandteil der Geschichte von Jesolo Meer B\u00fcrger ist: weil er der erste Kiosk in der gesamten Jesolo entfernt war, als er ein unbekanntes Land.<\/p>\n<p>Der 17. Juli 2006, in der N\u00e4he von der Zuneigung der Kinder und die vielen Touristen haben von diesen Teilen gegangen, hat 50 Jahre seine Aktivit\u00e4ten gefeiert, es zu glauben, alles eher zuf\u00e4llig gestartet.<\/p>\n<p>Ich arbeitete im Lager &#8211; erinnern &#8211; und ich fragte Guglielmo Beghetto (die Unternehmer, Cortellazzo gewachsen ist), wer der Eigent\u00fcmer des Lagers war, mich an den Strand ein wenig zu geben, dass ich meine eigene Firma zu gr\u00fcnden. In der Tat, beginnen sie die ersten auf dem Strand, deutsch zu sein.<\/p>\n<p>Es war im Juli 1956 und Beghetto hat es mir gesagt. Am Anfang war es schwer, vor einer H\u00fctte ohne Strom und alle Produkte wurden von Hand, bis der Strom Kiosk superattrezzato gemacht.<\/p>\n<p>Seitdem hat Luigi f\u00fcr seine unternehmerischen Mut weithin anerkannt. &#8222;Meine gr\u00f6\u00dfte Befriedigung zu k\u00f6nnen, ist, niemals aufzugeben, zu halten, meine Familie, diese T\u00e4tigkeit zu geben,&#8220; &#8230; die Familie und die Kinder, beschlossen sie, ihn mit einem gro\u00dfen Fest zu danken, die bis sp\u00e4t in die Nacht stattfand .<\/p>\n<p>Ja, denn wenn heute ein Strandkiosk ist es offensichtlich, dass es vor 50 Jahren war es fast verr\u00fcckt. Und es ist dank Menschen wie Luigi Bincoletto dass Jesolo die gro\u00dfe Stadt geworden ist, das wissen wir alle.<\/p>\n<table>\n<tbody>\n<tr>\n<td><strong>Der Kiosk 1956<\/strong><\/td>\n<td><strong>Der Kiosk in den siebziger Jahren<\/strong><\/td>\n<td><strong>Luigi Bincoletto &#8211; Kiosk Gr\u00fcnder<\/strong><\/td>\n<\/tr>\n<tr>\n<td><img loading=\"lazy\" class=\"alignnone size-full wp-image-63\" src=\"http:\/\/www.chioscobaraipini.com\/wp-content\/uploads\/2016\/02\/storia2.jpg\" alt=\"storia2\" width=\"300\" height=\"233\" \/><\/td>\n<td><img loading=\"lazy\" class=\"alignnone size-full wp-image-62\" src=\"http:\/\/www.chioscobaraipini.com\/wp-content\/uploads\/2016\/02\/storia1.jpg\" alt=\"storia1\" width=\"300\" height=\"233\" \/><\/td>\n<td><img loading=\"lazy\" class=\"alignnone size-full wp-image-61\" src=\"http:\/\/www.chioscobaraipini.com\/wp-content\/uploads\/2016\/02\/storia3.jpg\" alt=\"storia3\" width=\"300\" height=\"233\" \/><\/td>\n<\/tr>\n<\/tbody>\n<\/table>\n<p>&nbsp;<\/p>\n<p>&nbsp;<\/p>\n<div id=\"kad-wp-gallery26\" class=\"kad-wp-gallery kad-light-wp-gallery clearfix kt-gallery-column-3 rowtight\"><div class=\"tcol-lg-4 tcol-md-4 tcol-sm-4 tcol-xs-6 tcol-ss-12 g_item\"><div class=\"grid_item kad_gallery_fade_in gallery_item\"><a href=\"https:\/\/www.chioscobaraipini.com\/wp-content\/uploads\/2016\/02\/photo.jpeg\" data-rel=\"lightbox\" class=\"lightboxhover\"><img src=\"https:\/\/www.chioscobaraipini.com\/wp-content\/uploads\/2016\/02\/photo-400x400.jpeg\" width=\"400\" height=\"400\" alt=\"\" srcset=\"https:\/\/www.chioscobaraipini.com\/wp-content\/uploads\/2016\/02\/photo-400x400.jpeg 400w, https:\/\/www.chioscobaraipini.com\/wp-content\/uploads\/2016\/02\/photo-150x150.jpeg 150w\" sizes=\"(max-width: 400px) 100vw, 400px\" class=\"light-dropshaddow\"\/><\/a><\/div><\/div><div class=\"tcol-lg-4 tcol-md-4 tcol-sm-4 tcol-xs-6 tcol-ss-12 g_item\"><div class=\"grid_item kad_gallery_fade_in gallery_item\"><a href=\"https:\/\/www.chioscobaraipini.com\/wp-content\/uploads\/2016\/02\/photo-1.jpeg\" data-rel=\"lightbox\" class=\"lightboxhover\"><img src=\"https:\/\/www.chioscobaraipini.com\/wp-content\/uploads\/2016\/02\/photo-1-400x400.jpeg\" width=\"400\" height=\"400\" alt=\"\" srcset=\"https:\/\/www.chioscobaraipini.com\/wp-content\/uploads\/2016\/02\/photo-1-400x400.jpeg 400w, https:\/\/www.chioscobaraipini.com\/wp-content\/uploads\/2016\/02\/photo-1-150x150.jpeg 150w\" sizes=\"(max-width: 400px) 100vw, 400px\" class=\"light-dropshaddow\"\/><\/a><\/div><\/div><div class=\"tcol-lg-4 tcol-md-4 tcol-sm-4 tcol-xs-6 tcol-ss-12 g_item\"><div class=\"grid_item kad_gallery_fade_in gallery_item\"><a href=\"https:\/\/www.chioscobaraipini.com\/wp-content\/uploads\/2016\/02\/photo-2.jpeg\" data-rel=\"lightbox\" class=\"lightboxhover\"><img src=\"https:\/\/www.chioscobaraipini.com\/wp-content\/uploads\/2016\/02\/photo-2-400x400.jpeg\" width=\"400\" height=\"400\" alt=\"\" srcset=\"https:\/\/www.chioscobaraipini.com\/wp-content\/uploads\/2016\/02\/photo-2-400x400.jpeg 400w, https:\/\/www.chioscobaraipini.com\/wp-content\/uploads\/2016\/02\/photo-2-150x150.jpeg 150w\" sizes=\"(max-width: 400px) 100vw, 400px\" class=\"light-dropshaddow\"\/><\/a><\/div><\/div><div class=\"tcol-lg-4 tcol-md-4 tcol-sm-4 tcol-xs-6 tcol-ss-12 g_item\"><div class=\"grid_item kad_gallery_fade_in gallery_item\"><a href=\"https:\/\/www.chioscobaraipini.com\/wp-content\/uploads\/2016\/02\/photo-3.jpeg\" data-rel=\"lightbox\" class=\"lightboxhover\"><img src=\"https:\/\/www.chioscobaraipini.com\/wp-content\/uploads\/2016\/02\/photo-3-400x400.jpeg\" width=\"400\" height=\"400\" alt=\"\" srcset=\"https:\/\/www.chioscobaraipini.com\/wp-content\/uploads\/2016\/02\/photo-3-400x400.jpeg 400w, https:\/\/www.chioscobaraipini.com\/wp-content\/uploads\/2016\/02\/photo-3-150x150.jpeg 150w\" sizes=\"(max-width: 400px) 100vw, 400px\" class=\"light-dropshaddow\"\/><\/a><\/div><\/div><div class=\"tcol-lg-4 tcol-md-4 tcol-sm-4 tcol-xs-6 tcol-ss-12 g_item\"><div class=\"grid_item kad_gallery_fade_in gallery_item\"><a href=\"https:\/\/www.chioscobaraipini.com\/wp-content\/uploads\/2016\/02\/photo-4.jpeg\" data-rel=\"lightbox\" class=\"lightboxhover\"><img src=\"https:\/\/www.chioscobaraipini.com\/wp-content\/uploads\/2016\/02\/photo-4-400x400.jpeg\" width=\"400\" height=\"400\" alt=\"\" srcset=\"https:\/\/www.chioscobaraipini.com\/wp-content\/uploads\/2016\/02\/photo-4-400x400.jpeg 400w, https:\/\/www.chioscobaraipini.com\/wp-content\/uploads\/2016\/02\/photo-4-150x150.jpeg 150w\" sizes=\"(max-width: 400px) 100vw, 400px\" class=\"light-dropshaddow\"\/><\/a><\/div><\/div><div class=\"tcol-lg-4 tcol-md-4 tcol-sm-4 tcol-xs-6 tcol-ss-12 g_item\"><div class=\"grid_item kad_gallery_fade_in gallery_item\"><a href=\"https:\/\/www.chioscobaraipini.com\/wp-content\/uploads\/2016\/02\/photo-5.jpeg\" data-rel=\"lightbox\" class=\"lightboxhover\"><img src=\"https:\/\/www.chioscobaraipini.com\/wp-content\/uploads\/2016\/02\/photo-5-400x400.jpeg\" width=\"400\" height=\"400\" alt=\"\" srcset=\"https:\/\/www.chioscobaraipini.com\/wp-content\/uploads\/2016\/02\/photo-5-400x400.jpeg 400w, https:\/\/www.chioscobaraipini.com\/wp-content\/uploads\/2016\/02\/photo-5-150x150.jpeg 150w\" sizes=\"(max-width: 400px) 100vw, 400px\" class=\"light-dropshaddow\"\/><\/a><\/div><\/div><\/div>","protected":false},"excerpt":{"rendered":"<p>&nbsp; Siehe Jesolo im Schatten eines Kiosks wachsen. Es kann gesagt werden, dass Louis Bincoletto, die urspr\u00fcnglich aus La Salute di Livenza, ein integraler Bestandteil der Geschichte von Jesolo Meer B\u00fcrger ist: weil er der erste Kiosk in der gesamten &hellip; <a href=\"https:\/\/www.chioscobaraipini.com\/de\/geschichte\/\">Weiter<\/a><\/p>\n","protected":false},"author":1,"featured_media":0,"parent":0,"menu_order":0,"comment_status":"closed","ping_status":"closed","template":"","meta":[],"_links":{"self":[{"href":"https:\/\/www.chioscobaraipini.com\/de\/wp-json\/wp\/v2\/pages\/52"}],"collection":[{"href":"https:\/\/www.chioscobaraipini.com\/de\/wp-json\/wp\/v2\/pages"}],"about":[{"href":"https:\/\/www.chioscobaraipini.com\/de\/wp-json\/wp\/v2\/types\/page"}],"author":[{"embeddable":true,"href":"https:\/\/www.chioscobaraipini.com\/de\/wp-json\/wp\/v2\/users\/1"}],"replies":[{"embeddable":true,"href":"https:\/\/www.chioscobaraipini.com\/de\/wp-json\/wp\/v2\/comments?post=52"}],"version-history":[{"count":5,"href":"https:\/\/www.chioscobaraipini.com\/de\/wp-json\/wp\/v2\/pages\/52\/revisions"}],"predecessor-version":[{"id":112,"href":"https:\/\/www.chioscobaraipini.com\/de\/wp-json\/wp\/v2\/pages\/52\/revisions\/112"}],"wp:attachment":[{"href":"https:\/\/www.chioscobaraipini.com\/de\/wp-json\/wp\/v2\/media?parent=52"}],"curies":[{"name":"wp","href":"https:\/\/api.w.org\/{rel}","templated":true}]}}