{"id":2,"date":"2015-09-17T12:56:36","date_gmt":"2015-09-17T10:56:36","guid":{"rendered":"http:\/\/www.chioscobaraipini.com\/?page_id=2"},"modified":"2016-03-14T18:32:25","modified_gmt":"2016-03-14T17:32:25","slug":"home","status":"publish","type":"page","link":"https:\/\/www.chioscobaraipini.com\/de\/","title":{"rendered":"Home"},"content":{"rendered":"<h1>Willkommen<\/h1>\n<p>Der Kiosk Bar Ai Pini liegt in Jesolo. Wir sind hier seit 1956 und das Unternehmen von Luigi Bincoletto (siehe Geschichte) gestartet wurde und derzeit von seinem Sohn Flavio, die mit ihrer Schwester Maria Grazia erweitert die Aktivit\u00e4ten ausgef\u00fchrt wird durch eine einladende Atmosph\u00e4re am Meer zu schaffen. Der Kiosk ist nicht nur ein Ort, k\u00fchle Getr\u00e4nke und Sandwiches zu finden, ist ein echter Treffpunkt zu treffen, chatten, unter den Palmen sitzen. Schreiben Sie uns und lassen Sie die Fotos! Wir werden sie auf dem Blog ver\u00f6ffentlichen, wo auch Nachrichten und Veranstaltungen.<\/p>\n<p>&nbsp;<\/p>\n<h1 style=\"text-align: center;\">1956 &#8211; 2016 &#8230; 60 Jahre Geschichte zusammen!<\/h1>\n<p><img loading=\"lazy\" class=\"alignnone size-full wp-image-25\" src=\"http:\/\/www.chioscobaraipini.com\/wp-content\/uploads\/2015\/09\/foto-storia.jpg\" alt=\"foto-storia\" width=\"1886\" height=\"673\" srcset=\"https:\/\/www.chioscobaraipini.com\/wp-content\/uploads\/2015\/09\/foto-storia.jpg 1886w, https:\/\/www.chioscobaraipini.com\/wp-content\/uploads\/2015\/09\/foto-storia-300x107.jpg 300w, https:\/\/www.chioscobaraipini.com\/wp-content\/uploads\/2015\/09\/foto-storia-1024x365.jpg 1024w\" sizes=\"(max-width: 1886px) 100vw, 1886px\" \/><\/p>\n<p>&nbsp;","protected":false},"excerpt":{"rendered":"<p>Willkommen Der Kiosk Bar Ai Pini liegt in Jesolo. Wir sind hier seit 1956 und das Unternehmen von Luigi Bincoletto (siehe Geschichte) gestartet wurde und derzeit von seinem Sohn Flavio, die mit ihrer Schwester Maria Grazia erweitert die Aktivit\u00e4ten ausgef\u00fchrt &hellip; <a href=\"https:\/\/www.chioscobaraipini.com\/de\/\">Weiter<\/a><\/p>\n","protected":false},"author":1,"featured_media":0,"parent":0,"menu_order":0,"comment_status":"closed","ping_status":"closed","template":"","meta":[],"_links":{"self":[{"href":"https:\/\/www.chioscobaraipini.com\/de\/wp-json\/wp\/v2\/pages\/2"}],"collection":[{"href":"https:\/\/www.chioscobaraipini.com\/de\/wp-json\/wp\/v2\/pages"}],"about":[{"href":"https:\/\/www.chioscobaraipini.com\/de\/wp-json\/wp\/v2\/types\/page"}],"author":[{"embeddable":true,"href":"https:\/\/www.chioscobaraipini.com\/de\/wp-json\/wp\/v2\/users\/1"}],"replies":[{"embeddable":true,"href":"https:\/\/www.chioscobaraipini.com\/de\/wp-json\/wp\/v2\/comments?post=2"}],"version-history":[{"count":9,"href":"https:\/\/www.chioscobaraipini.com\/de\/wp-json\/wp\/v2\/pages\/2\/revisions"}],"predecessor-version":[{"id":156,"href":"https:\/\/www.chioscobaraipini.com\/de\/wp-json\/wp\/v2\/pages\/2\/revisions\/156"}],"wp:attachment":[{"href":"https:\/\/www.chioscobaraipini.com\/de\/wp-json\/wp\/v2\/media?parent=2"}],"curies":[{"name":"wp","href":"https:\/\/api.w.org\/{rel}","templated":true}]}}